{"id":144,"date":"2015-08-07T12:38:08","date_gmt":"2015-08-07T12:38:08","guid":{"rendered":"https:\/\/santosapostoles.wordpress.com\/?page_id=144"},"modified":"2022-10-08T09:19:59","modified_gmt":"2022-10-08T09:19:59","slug":"catequesis-para-jovenes-y-adultos","status":"publish","type":"page","link":"https:\/\/santosapostoles.es\/?page_id=144","title":{"rendered":"J\u00f3venes y adultos"},"content":{"rendered":"<h5 style=\"text-align: justify;\"><strong><span style=\"color: #333399;\">Dec\u00edan los antiguos Padres del desierto que el hombre que no tiene a Dios en su vida se le nota porque est\u00e1 siempre \u00abcansado y triste\u00bb.<\/span><\/strong><\/h5>\n<h5 style=\"text-align: justify;\"><strong><span style=\"color: #333399;\">Las personas necesitamos tantas veces una Palabra de parte de Dios frente a nuestras situaciones vitales: falta de fe o sentido de la vida, sufrimientos, soledad, carencias de amor o esperanza, &#8230; <\/span><\/strong><\/h5>\n<h5 style=\"text-align: justify;\"><strong><span style=\"color: #333399;\">La parroquia quiere ofrecer cada a\u00f1o una oportunidad de pararse y sentarse para \u00abanunciar al cansado una palabra alentadora\u00bb.<\/span><\/strong><\/h5>\n<h5 style=\"text-align: justify;\"><strong><span style=\"color: #333399;\"> Los catequistas de la primera comunidad neocatecumenal de la parroquia, imparten cada un a\u00f1o las <span style=\"color: #ff0000;\">catequesis para j\u00f3venes y adultos a primeros de octubre.<\/span><\/span><\/strong><\/h5>\n<h5 style=\"text-align: justify;\"><strong><span style=\"color: #333399;\">Tienen lugar en el templo los lunes y jueves de cada semana <span style=\"color: #ff0000;\">de\u00a0 8 a 9 de la tarde<\/span>.<\/span><\/strong><\/h5>\n<h5 style=\"text-align: justify;\"><strong><span style=\"color: #333399;\">Esta predicaci\u00f3n, al estilo de los comienzos apost\u00f3licos de la Iglesia, est\u00e1 dirigida a personas de variada procedencia:<\/span><\/strong><\/h5>\n<h5 style=\"text-align: justify;\"><strong><span style=\"color: #333399;\">1\u00b0. los que se han alejado de la Iglesia;<\/span><\/strong><\/h5>\n<h5 style=\"text-align: justify;\"><strong><span style=\"color: #333399;\">2\u00b0. los que no han sido suficientemente evangelizados y catequizados;<\/span><\/strong><\/h5>\n<h5 style=\"text-align: justify;\"><strong><span style=\"color: #333399;\">3\u00b0. los que desean profundizar y madurar su fe;<\/span><\/strong><\/h5>\n<h5 style=\"text-align: justify;\"><strong><span style=\"color: #333399;\">4\u00b0. los que provienen de confesiones cristianas no en plena comuni\u00f3n con la Iglesia cat\u00f3lica.<\/span><\/strong><\/h5>\n<h5 style=\"text-align: justify;\"><strong><span style=\"color: #333399;\">Las catequesis son de <span style=\"color: #ff0000;\">entrada libre y no implican ning\u00fan compromiso de asistencia o participaci\u00f3n<\/span>.<\/span><\/strong><\/h5>\n","protected":false},"excerpt":{"rendered":"<p>Dec\u00edan los antiguos Padres del desierto que el hombre que no tiene a Dios en su vida se le nota porque est\u00e1 siempre \u00abcansado y triste\u00bb. Las personas necesitamos tantas veces una Palabra de parte de Dios frente a nuestras situaciones vitales: falta de fe o sentido de la vida, sufrimientos, soledad, carencias de amor &hellip; <a href=\"https:\/\/santosapostoles.es\/?page_id=144\" class=\"more-link\">Seguir leyendo <span class=\"screen-reader-text\">J\u00f3venes y adultos<\/span> <span class=\"meta-nav\">&rarr;<\/span><\/a><\/p>\n","protected":false},"author":1,"featured_media":0,"parent":24,"menu_order":4,"comment_status":"closed","ping_status":"closed","template":"","meta":{"footnotes":""},"class_list":["post-144","page","type-page","status-publish","hentry"],"_links":{"self":[{"href":"https:\/\/santosapostoles.es\/index.php?rest_route=\/wp\/v2\/pages\/144","targetHints":{"allow":["GET"]}}],"collection":[{"href":"https:\/\/santosapostoles.es\/index.php?rest_route=\/wp\/v2\/pages"}],"about":[{"href":"https:\/\/santosapostoles.es\/index.php?rest_route=\/wp\/v2\/types\/page"}],"author":[{"embeddable":true,"href":"https:\/\/santosapostoles.es\/index.php?rest_route=\/wp\/v2\/users\/1"}],"replies":[{"embeddable":true,"href":"https:\/\/santosapostoles.es\/index.php?rest_route=%2Fwp%2Fv2%2Fcomments&post=144"}],"version-history":[{"count":3,"href":"https:\/\/santosapostoles.es\/index.php?rest_route=\/wp\/v2\/pages\/144\/revisions"}],"predecessor-version":[{"id":1110,"href":"https:\/\/santosapostoles.es\/index.php?rest_route=\/wp\/v2\/pages\/144\/revisions\/1110"}],"up":[{"embeddable":true,"href":"https:\/\/santosapostoles.es\/index.php?rest_route=\/wp\/v2\/pages\/24"}],"wp:attachment":[{"href":"https:\/\/santosapostoles.es\/index.php?rest_route=%2Fwp%2Fv2%2Fmedia&parent=144"}],"curies":[{"name":"wp","href":"https:\/\/api.w.org\/{rel}","templated":true}]}}