{"id":149,"date":"2015-08-07T12:40:01","date_gmt":"2015-08-07T12:40:01","guid":{"rendered":"https:\/\/santosapostoles.wordpress.com\/?page_id=149"},"modified":"2024-08-23T20:11:15","modified_gmt":"2024-08-23T20:11:15","slug":"confirmacion","status":"publish","type":"page","link":"https:\/\/santosapostoles.es\/?page_id=149","title":{"rendered":"SACRAMENTO DE LA CONFIRMACI\u00d3N"},"content":{"rendered":"<p>Bautismo, Confirmaci\u00f3n y Eucarist\u00eda forman una unidad desde los or\u00edgenes de la Iglesia. Por eso, para completar la Iniciaci\u00f3n Cristiana los chicos deben acometer la tercera y \u00faltima fase que desemboca en la recepci\u00f3n del <strong>SACRAMENTO DE LA CONFIRMACI\u00d3N<\/strong>.<\/p>\n<p>Esta \u00faltima etapa comienza, en nuestra parroquia, de forma inmediata a la recepci\u00f3n de la 1\u00aa comuni\u00f3n. Confiamos en que la experiencia gozosa de los ni\u00f1os en la catequesis parroquial les anime a darle continuidad en este momento.<\/p>\n<p>Los <strong>jueves,<\/strong> de <strong>6 a 7 de la tarde<\/strong>, tiene lugar la <strong>catequesis<\/strong>, que <strong>se inicia en cuarto de Primaria<\/strong> para recibir el Sacramento de la Confirmaci\u00f3n a los 12-13 a\u00f1os.<\/p>\n<p>Invitamos a los padres a proseguir su compromiso de educar en la fe a los\u00a0 hijos en un ambiente familiar como el que ofrecemos en los Santos Ap\u00f3stoles.<\/p>\n<p style=\"text-align: justify;\">La preparaci\u00f3n a la Confirmaci\u00f3n se hace durante tres cursos a trav\u00e9s de la experiencia del ORATORIO DE NI\u00d1OS.<\/p>\n<p>Y contin\u00faan participando en la misa dominical de las familias a las 11,30 h.<\/p>\n<p>Hay que inscribirse en septiembre al comenzar el primer a\u00f1o de Confirmaci\u00f3n.<\/p>\n","protected":false},"excerpt":{"rendered":"<p>Bautismo, Confirmaci\u00f3n y Eucarist\u00eda forman una unidad desde los or\u00edgenes de la Iglesia. Por eso, para completar la Iniciaci\u00f3n Cristiana los chicos deben acometer la tercera y \u00faltima fase que desemboca en la recepci\u00f3n del SACRAMENTO DE LA CONFIRMACI\u00d3N. Esta \u00faltima etapa comienza, en nuestra parroquia, de forma inmediata a la recepci\u00f3n de la 1\u00aa &hellip; <a href=\"https:\/\/santosapostoles.es\/?page_id=149\" class=\"more-link\">Seguir leyendo <span class=\"screen-reader-text\">SACRAMENTO DE LA CONFIRMACI\u00d3N<\/span> <span class=\"meta-nav\">&rarr;<\/span><\/a><\/p>\n","protected":false},"author":1,"featured_media":0,"parent":24,"menu_order":2,"comment_status":"closed","ping_status":"closed","template":"","meta":{"footnotes":""},"class_list":["post-149","page","type-page","status-publish","hentry"],"_links":{"self":[{"href":"https:\/\/santosapostoles.es\/index.php?rest_route=\/wp\/v2\/pages\/149","targetHints":{"allow":["GET"]}}],"collection":[{"href":"https:\/\/santosapostoles.es\/index.php?rest_route=\/wp\/v2\/pages"}],"about":[{"href":"https:\/\/santosapostoles.es\/index.php?rest_route=\/wp\/v2\/types\/page"}],"author":[{"embeddable":true,"href":"https:\/\/santosapostoles.es\/index.php?rest_route=\/wp\/v2\/users\/1"}],"replies":[{"embeddable":true,"href":"https:\/\/santosapostoles.es\/index.php?rest_route=%2Fwp%2Fv2%2Fcomments&post=149"}],"version-history":[{"count":2,"href":"https:\/\/santosapostoles.es\/index.php?rest_route=\/wp\/v2\/pages\/149\/revisions"}],"predecessor-version":[{"id":1378,"href":"https:\/\/santosapostoles.es\/index.php?rest_route=\/wp\/v2\/pages\/149\/revisions\/1378"}],"up":[{"embeddable":true,"href":"https:\/\/santosapostoles.es\/index.php?rest_route=\/wp\/v2\/pages\/24"}],"wp:attachment":[{"href":"https:\/\/santosapostoles.es\/index.php?rest_route=%2Fwp%2Fv2%2Fmedia&parent=149"}],"curies":[{"name":"wp","href":"https:\/\/api.w.org\/{rel}","templated":true}]}}