{"id":1565,"date":"2026-03-25T22:37:03","date_gmt":"2026-03-25T22:37:03","guid":{"rendered":"https:\/\/santosapostoles.es\/?page_id=1565"},"modified":"2026-03-27T09:30:13","modified_gmt":"2026-03-27T09:30:13","slug":"proyecto-amor-conyugal","status":"publish","type":"page","link":"https:\/\/santosapostoles.es\/?page_id=1565","title":{"rendered":"PAC"},"content":{"rendered":"<div class=\"wp-block-image\">\n<figure class=\"aligncenter size-large\"><a href=\"https:\/\/proyectoamorconyugal.es\/\" target=\"_blank\" rel=\"https:\/\/proyectoamorconyugal.es\/ noreferrer noopener\"><img loading=\"lazy\" decoding=\"async\" width=\"1024\" height=\"266\" src=\"https:\/\/santosapostoles.es\/wp-content\/uploads\/2026\/03\/cropped-proyecto-1024x266.webp\" alt=\"\" class=\"wp-image-1567\" srcset=\"https:\/\/santosapostoles.es\/wp-content\/uploads\/2026\/03\/cropped-proyecto-1024x266.webp 1024w, https:\/\/santosapostoles.es\/wp-content\/uploads\/2026\/03\/cropped-proyecto-300x78.webp 300w, https:\/\/santosapostoles.es\/wp-content\/uploads\/2026\/03\/cropped-proyecto-768x200.webp 768w, https:\/\/santosapostoles.es\/wp-content\/uploads\/2026\/03\/cropped-proyecto-1536x399.webp 1536w, https:\/\/santosapostoles.es\/wp-content\/uploads\/2026\/03\/cropped-proyecto.webp 1917w\" sizes=\"auto, (max-width: 1024px) 100vw, 1024px\" \/><\/a><\/figure>\n<\/div>\n\n\n<p>Somos\u00a0 matrimonios cat\u00f3licos que profundizamos en nuestra vocaci\u00f3n conyugal, como camino de santidad y que, movidos por la compasi\u00f3n de Cristo por el sufrimiento de muchos matrimonios y familias (sufrimiento que nosotros hemos padecido primero), ponemos nuestros dones (como siervos in\u00fatiles) al servicio de Mar\u00eda para hacerles llegar Su mano misericordiosa. Descubrimos que en la mayor\u00eda de los casos son \u00abcomo ovejas sin pastor\u00bb (Mc 6, 34) y necesitan orientaci\u00f3n y acompa\u00f1amiento para convertir su matrimonio en algo grande.<\/p>\n\n\n\n<p>Nos reunimos un jueves al mes en la parroquia a las 8 de la tarde. En este encuentro tenemos un momento de oraci\u00f3n y un momento de formaci\u00f3n siguiendo las catequesis sobre el amor humano de San Juan Pablo II.<\/p>\n\n\n\n<p><\/p>\n\n\n\n<p><\/p>\n","protected":false},"excerpt":{"rendered":"<p>Somos\u00a0 matrimonios cat\u00f3licos que profundizamos en nuestra vocaci\u00f3n conyugal, como camino de santidad y que, movidos por la compasi\u00f3n de Cristo por el sufrimiento de muchos matrimonios y familias (sufrimiento que nosotros hemos padecido primero), ponemos nuestros dones (como siervos in\u00fatiles) al servicio de Mar\u00eda para hacerles llegar Su mano misericordiosa. Descubrimos que en la &hellip; <a href=\"https:\/\/santosapostoles.es\/?page_id=1565\" class=\"more-link\">Seguir leyendo <span class=\"screen-reader-text\">PAC<\/span> <span class=\"meta-nav\">&rarr;<\/span><\/a><\/p>\n","protected":false},"author":1,"featured_media":0,"parent":0,"menu_order":0,"comment_status":"closed","ping_status":"closed","template":"","meta":{"footnotes":""},"class_list":["post-1565","page","type-page","status-publish","hentry"],"_links":{"self":[{"href":"https:\/\/santosapostoles.es\/index.php?rest_route=\/wp\/v2\/pages\/1565","targetHints":{"allow":["GET"]}}],"collection":[{"href":"https:\/\/santosapostoles.es\/index.php?rest_route=\/wp\/v2\/pages"}],"about":[{"href":"https:\/\/santosapostoles.es\/index.php?rest_route=\/wp\/v2\/types\/page"}],"author":[{"embeddable":true,"href":"https:\/\/santosapostoles.es\/index.php?rest_route=\/wp\/v2\/users\/1"}],"replies":[{"embeddable":true,"href":"https:\/\/santosapostoles.es\/index.php?rest_route=%2Fwp%2Fv2%2Fcomments&post=1565"}],"version-history":[{"count":4,"href":"https:\/\/santosapostoles.es\/index.php?rest_route=\/wp\/v2\/pages\/1565\/revisions"}],"predecessor-version":[{"id":1576,"href":"https:\/\/santosapostoles.es\/index.php?rest_route=\/wp\/v2\/pages\/1565\/revisions\/1576"}],"wp:attachment":[{"href":"https:\/\/santosapostoles.es\/index.php?rest_route=%2Fwp%2Fv2%2Fmedia&parent=1565"}],"curies":[{"name":"wp","href":"https:\/\/api.w.org\/{rel}","templated":true}]}}