{"id":1577,"date":"2026-03-27T09:47:37","date_gmt":"2026-03-27T09:47:37","guid":{"rendered":"https:\/\/santosapostoles.es\/?page_id=1577"},"modified":"2026-03-27T11:06:09","modified_gmt":"2026-03-27T11:06:09","slug":"otras-noticias","status":"publish","type":"page","link":"https:\/\/santosapostoles.es\/?page_id=1577","title":{"rendered":"OTRAS NOTICIAS"},"content":{"rendered":"\n<h2 class=\"wp-block-heading has-background\" style=\"background-color:#e058df80\"><strong>\u00bfEUTANASIA? \u00bfSUICIDIO CONSENTIDO Y FACILITADO? EN TODO CASO, UN FRACASO DE LA SOCIEDAD<\/strong><\/h2>\n\n\n\n<p>Nos ha estremecido la noticia sobre esta chica que, despu\u00e9s de varios intentos, ha conseguido suicidarse, ahora legalmente. <\/p>\n\n\n\n<p>Muchos sentimos dolor y amor hacia esta chica.<\/p>\n\n\n\n<p>Publicamos este art\u00edculo de aciprensa donde describe la situaci\u00f3n y los hechos. Se ha buscado la soluci\u00f3n de la muerte para acabar con el sufrimiento. Noelia necesitaba que alguien le devolviera el sentido y le posibilitara recuperarse de su depresi\u00f3n profunda derivada de un trauma no sanado. Cuando la vida duele, lo verdaderamente humano es cuidar, acompa\u00f1ar y sostener, no matar\u2026 hasta ahora. <\/p>\n\n\n\n<p><strong>Cronolog\u00eda del Caso Noelia: una vida de desaf\u00edos hasta pedir la eutanasia<\/strong><\/p>\n\n\n\n<p>Nicol\u00e1s de C\u00e1rdenas para Aciprensa.com&nbsp; 26 marzo 26<\/p>\n\n\n\n<p>El 26 de marzo de 2026 est\u00e1 prevista en Espa\u00f1a la ejecuci\u00f3n de la eutanasia de la joven Noelia Castillo, quien se enfrent\u00f3 a grandes desaf\u00edos vitales desde su infancia y tras casi dos a\u00f1os de batalla legal de sus padres por salvaguardar su vida.&nbsp;<\/p>\n\n\n\n<p>Seg\u00fan la ley espa\u00f1ola, para solicitar la eutanasia hay que ser mayor de edad y capaz y consciente en el momento de la solicitud; la nacionalidad espa\u00f1ola o residencia legal superior a doce meses y \u201csufrir una enfermedad grave e incurable o un padecimiento grave, cr\u00f3nico e imposibilitante, certificada por el m\u00e9dico\/m\u00e9dica responsable\u201d.&nbsp;<\/p>\n\n\n\n<p>Este martes 24 de marzo&nbsp;se conoci\u00f3 que el Tribunal Europeo de Derechos Humanos rechaz\u00f3 las medidas cautelares solicitadas por la familia de Noelia para que no se ejecute la eutanasia, tras un periplo judicial de casi dos a\u00f1os.&nbsp;&nbsp;<\/p>\n\n\n\n<p>Al d\u00eda siguiente, se emiti\u00f3 una&nbsp;entrevista en Antena 3&nbsp;con Noelia en la que expuso c\u00f3mo se siente: \u201cNo tengo ganas de nada, ni de salir, ni de comer, ni de hacer nada. (&#8230;) El dormir se me hace muy dif\u00edcil y aparte que tengo dolor de espalda y tambi\u00e9n de piernas\u201d.&nbsp;<\/p>\n\n\n\n<p>\u201cSiempre me he sentido sola, porque nunca me he sentido comprendida, nunca han empatizado conmigo, siempre he tenido problemas de convivencia\u201d, describi\u00f3.&nbsp;<\/p>\n\n\n\n<p>\u201cAntes de pedir la eutanasia ya ve\u00eda mi mundo muy oscuro, ve\u00eda mi final muy oscuro, no ten\u00eda ni metas, ni objetivos, ni nada, y sigo sin tener ni metas, ni objetivos\u201d, reconoci\u00f3.&nbsp;&nbsp;<\/p>\n\n\n\n<p><strong>Una vida de desaf\u00edos&nbsp;<\/strong><\/p>\n\n\n\n<p>Noelia ha tenido una vida llena de desaf\u00edos. Estando tutelada por los servicios p\u00fablicos tras la separaci\u00f3n de sus padres, sufri\u00f3 una agresi\u00f3n sexual m\u00faltiple.&nbsp;&nbsp;<\/p>\n\n\n\n<p>Seg\u00fan Abogados Cristianos, entidad que representa al padre de Noelia para evitar la eutanasia de su hija, en ese momento la joven ten\u00eda reconocida una discapacidad del 67% por enfermedad mental.&nbsp;<\/p>\n\n\n\n<p>En octubre de 2022, intent\u00f3 suicidarse precipit\u00e1ndose desde un balc\u00f3n, provoc\u00e1ndose lesiones que la dejaron en silla de ruedas, aument\u00f3 su discapacidad hasta el 74% lo que, para la entidad de juristas, \u201cevidencia que el problema de fondo es psiqui\u00e1trico\u201d.&nbsp;&nbsp;&nbsp;<\/p>\n\n\n\n<p>\u201cEsto es clave: el propio Tribunal Constitucional (STC 94\/2023) deja claro que la eutanasia no puede aplicarse cuando el origen del sufrimiento es una enfermedad mental y que el Estado tiene la obligaci\u00f3n de proteger a estas personas frente al riesgo de suicidio\u201d, subrayan desde Abogados Cristianos a ACI Prensa.&nbsp;<\/p>\n\n\n\n<p>Pese a que se ha difundido que qued\u00f3 parapl\u00e9jica, ella misma lo desmiente: \u201cNo estoy en la cama postrada ni nada, yo me levanto de la cama. Me ducho yo solita. Como hab\u00e9is visto, yo me maquillo sola, me organizo yo sola\u201d, afirm\u00f3.&nbsp;<\/p>\n\n\n\n<p>Seg\u00fan su propio testimonio, Noelia estuvo ingresada al menos dos veces en centros psiqui\u00e1tricos con anterioridad y en esas estancias protagoniz\u00f3 diversos intentos autol\u00edticos. Seg\u00fan detall\u00f3 Abogados Cristianos a ACI Prensa, en junio de 2023 le dieron el alta.&nbsp;<\/p>\n\n\n\n<p>En abril de 2024, pidi\u00f3 la eutanasia siguiendo el procedimiento establecido por la ley y se la concedieron para agosto de 2024. Ah\u00ed comenz\u00f3 la batalla legal por parte del padre, apoyado por Abogados Cristianos.&nbsp;&nbsp;<\/p>\n\n\n\n<p>En el proceso, consiguieron paralizar la ejecuci\u00f3n y que se reconociera el derecho de los familiares a oponerse a la petici\u00f3n de eutanasia.&nbsp;&nbsp;<\/p>\n\n\n\n<p>En paralelo, Abogados Cristianos present\u00f3 una querella contra el m\u00e9dico y el abogado que evaluaron en primer lugar la petici\u00f3n de Noelia seg\u00fan el protocolo y que estando de acuerdo en autorizar la eutanasia \u201cfingieron su desacuerdo para as\u00ed elevar la decisi\u00f3n a la Comisi\u00f3n de Garant\u00edas y Evaluaci\u00f3n y \u2018forzar\u2019 una supuesta mayor garant\u00eda en la toma de decisiones\u201d, tal y como recogi\u00f3 el Tribunal Supremo en una sentencia.&nbsp;&nbsp;<\/p>\n\n\n\n<p>En septiembre de 2025, Abogados Cristianos tambi\u00e9n denunci\u00f3 a siete miembros de la comisi\u00f3n de garant\u00edas por conflicto de intereses y contra el exconsejero de Salud de Catalu\u00f1a, Josep Mar\u00eda Argim\u00f3n, por haberlos nombrado.&nbsp;<\/p>\n\n\n\n<p>Ya en enero de 2026, el Tribunal Supremo aval\u00f3 la petici\u00f3n de eutanasia, decisi\u00f3n que fue elevada al Tribunal Constitucional, que rechaz\u00f3 en febrero de 2026 el recurso de amparo.&nbsp;&nbsp;<\/p>\n\n\n\n<p>Abogados Cristianos llevo el caso al Tribunal Europeo de Derechos Humanos, que rechaz\u00f3 las medidas cautelares sin entrar en el fondo del asunto este martes 24 de marzo de 2026.&nbsp;&nbsp;<\/p>\n\n\n\n<p>A continuaci\u00f3n, se anunci\u00f3 que la eutanasia se realizar\u00e1 este jueves 26 de marzo a las 18:00 horas de Espa\u00f1a, con un procedimiento que dura unos quince minutos y en el que se utilizan tres sustancias qu\u00edmicas. Por decisi\u00f3n de Noelia, sus padres no podr\u00e1n estar presentes.&nbsp;&nbsp;<\/p>\n\n\n\n<p>A tres horas de la prevista para la eutanasia, un juzgado de Barcelona deneg\u00f3 por tercera vez suspender el acto homicida y que se atendiera psicol\u00f3gica y psiqui\u00e1tricamente a la joven al entender que carece de potestad para tomar la decisi\u00f3n. Este juzgado investiga el caso por presunta prevaricaci\u00f3n del abogado y el m\u00e9dico que evaluaron la petici\u00f3n de eutanasia en primera instancia.<\/p>\n\n\n\n<p><strong>\u201cEste caso evidencia el fracaso de la ley de eutanasia\u201d&nbsp;<\/strong><\/p>\n\n\n\n<p>Para Abogados Cristianos, \u201ceste caso evidencia el fracaso de la ley de eutanasia. Facilita el suicidio sin haber recibido tratamiento previo en salud mental\u201d.&nbsp;&nbsp;<\/p>\n\n\n\n<p>Por ello, la entidad de juristas subraya que \u201ces imprescindible establecer protocolos que obliguen a intentar un tratamiento psicol\u00f3gico y psiqui\u00e1trico antes de autorizar la eutanasia. Sin tratamiento, no hay decisi\u00f3n libre: hay abandono\u201d.&nbsp;<\/p>\n\n\n\n<p>Por \u00faltimo, se\u00f1alan como responsables a las autoridades de Sanidad del Gobierno auton\u00f3mico catal\u00e1n: \u201cAntes de ofrecer la muerte, debe garantizar que ha ofrecido todas las alternativas de vida. En un caso de enfermedad mental, deber\u00eda estar invirtiendo en los tratamientos m\u00e1s avanzados en psiquiatr\u00eda y en la recuperaci\u00f3n de la paciente, no en destinar recursos y esfuerzos a ejecutar la eutanasia\u201d.&nbsp;<\/p>\n","protected":false},"excerpt":{"rendered":"<p>\u00bfEUTANASIA? \u00bfSUICIDIO CONSENTIDO Y FACILITADO? EN TODO CASO, UN FRACASO DE LA SOCIEDAD Nos ha estremecido la noticia sobre esta chica que, despu\u00e9s de varios intentos, ha conseguido suicidarse, ahora legalmente. Muchos sentimos dolor y amor hacia esta chica. Publicamos este art\u00edculo de aciprensa donde describe la situaci\u00f3n y los hechos. Se ha buscado la &hellip; <a href=\"https:\/\/santosapostoles.es\/?page_id=1577\" class=\"more-link\">Seguir leyendo <span class=\"screen-reader-text\">OTRAS NOTICIAS<\/span> <span class=\"meta-nav\">&rarr;<\/span><\/a><\/p>\n","protected":false},"author":1,"featured_media":0,"parent":0,"menu_order":0,"comment_status":"closed","ping_status":"closed","template":"","meta":{"footnotes":""},"class_list":["post-1577","page","type-page","status-publish","hentry"],"_links":{"self":[{"href":"https:\/\/santosapostoles.es\/index.php?rest_route=\/wp\/v2\/pages\/1577","targetHints":{"allow":["GET"]}}],"collection":[{"href":"https:\/\/santosapostoles.es\/index.php?rest_route=\/wp\/v2\/pages"}],"about":[{"href":"https:\/\/santosapostoles.es\/index.php?rest_route=\/wp\/v2\/types\/page"}],"author":[{"embeddable":true,"href":"https:\/\/santosapostoles.es\/index.php?rest_route=\/wp\/v2\/users\/1"}],"replies":[{"embeddable":true,"href":"https:\/\/santosapostoles.es\/index.php?rest_route=%2Fwp%2Fv2%2Fcomments&post=1577"}],"version-history":[{"count":2,"href":"https:\/\/santosapostoles.es\/index.php?rest_route=\/wp\/v2\/pages\/1577\/revisions"}],"predecessor-version":[{"id":1582,"href":"https:\/\/santosapostoles.es\/index.php?rest_route=\/wp\/v2\/pages\/1577\/revisions\/1582"}],"wp:attachment":[{"href":"https:\/\/santosapostoles.es\/index.php?rest_route=%2Fwp%2Fv2%2Fmedia&parent=1577"}],"curies":[{"name":"wp","href":"https:\/\/api.w.org\/{rel}","templated":true}]}}