{"id":331,"date":"2016-09-11T19:58:16","date_gmt":"2016-09-11T19:58:16","guid":{"rendered":"https:\/\/santosapostoles.wordpress.com\/?page_id=331"},"modified":"2024-10-15T21:30:17","modified_gmt":"2024-10-15T21:30:17","slug":"postconfirmacion","status":"publish","type":"page","link":"https:\/\/santosapostoles.es\/?page_id=331","title":{"rendered":"J\u00d3VENES"},"content":{"rendered":"<p style=\"text-align: center;\"><span style=\"color: #ff0000;\"><strong>LOS VIERNES. 20,30 h<\/strong><\/span>.<\/p>\n<p style=\"text-align: justify;\">Una vez recibidos los tres sacramentos de la Iniciaci\u00f3n Cristiana, ofrecemos a todos los chicos la posibilidad de seguir creciendo en la fe a trav\u00e9s de la:<\/p>\n<p style=\"text-align: center;\"><span style=\"color: #0000ff;\"><strong>POSTCONFIRMACI\u00d3N NEOCATECUMENAL:<\/strong><\/span><\/p>\n<p style=\"text-align: justify;\">es una propuesta pastoral extendida por Italia y otros pa\u00edses de Europa y que ahora est\u00e1 entrando con fuerza en Espa\u00f1a. Naci\u00f3 como un servicio del Camino Neocatecumenal a las parroquias ante el abandono de los chicos una vez confirmados. De acuerdo con nuestro arzobispo, iniciamos esta experiencia pionera en Asturias.<\/p>\n<p style=\"text-align: justify;\">Para arrancar, lanzamos la propuesta a mediados de octubre de 2015 invitando fundamentalmente a hijos de matrimonios de estas comunidades de Oviedo.<\/p>\n<p style=\"text-align: justify;\">El 18 de octubre del a\u00f1o 2015 vimos nacer, con sorpresa y agradecimiento al Esp\u00edritu Santo, \u00a1seis grupos de POSTCONFIRMACI\u00d3N! 65 chavales (de 13 a 17 a\u00f1os) que voluntariamente dijeron \u00a1s\u00ed! para iniciar esta experiencia. Por sorteo fueron confiados (en grupos de unos 8 chicos y chicas) a cada uno de los matrimonios que respondieron a la llamada del Se\u00f1or para ayudar a estos j\u00f3venes en el proceso de maduraci\u00f3n personal y cristiana ejerciendo el ministerio de PADRINOS.<\/p>\n<p style=\"text-align: justify;\">Esta experiencia de Postconfirmaci\u00f3n se basa en alguna intuiciones que Kiko Arg\u00fcello, iniciador del Camino Neocatecumenal, ha tenido para la educaci\u00f3n a la fe de los muchachos que viven el paso de la ADOLESCENCIA a la JUVENTUD y que comprende la edad de entre los doce-trece a\u00f1os y los dieciocho-diecinueve a\u00f1os, es decir, un recorrido de seis a\u00f1os. Esta pastoral naci\u00f3 en la Parroquia de M\u00e1rtires Canadienses de Roma en 1985 con frutos ya contrastados tanto por los j\u00f3venes que han experimentado el itinerario de formaci\u00f3n como los matrimonios que los acompa\u00f1an. Esta pastoral se ofrece a todos los j\u00f3venes de las parroquias una vez confirmados (hacia los 13 a\u00f1os) y tiene como novedad que se les conf\u00eda a un matrimonio que har\u00e1n las veces de PADRINOS en la madurez de su fe (desde los 13 a los 19 a\u00f1os). Son familias que gracias a la iniciaci\u00f3n cristiana durante muchos a\u00f1os en el Camino Neocatecumenal son capaces de un aut\u00e9ntico testimonio cristiano de perd\u00f3n rec\u00edproco y de apertura a la vida y se ponen al servicio de estos muchachos en comuni\u00f3n con el p\u00e1rroco y con sus propios catequistas. Este modelo familiar, revelado por Dios para la educaci\u00f3n integral de la persona, est\u00e1 hoy en d\u00eda puesto en discusi\u00f3n, a menudo incluso entre las mismas familias de donde provienen los confirmados. As\u00ed pues, se pone como referencia primera para los j\u00f3venes a la familia (y no catequistas c\u00e9libes o solteros), para que sea signo eficaz de unidad, fidelidad y fecundidad, y cuyos miembros hacen como de padrinos de los chicos.<\/p>\n","protected":false},"excerpt":{"rendered":"<p>LOS VIERNES. 20,30 h. Una vez recibidos los tres sacramentos de la Iniciaci\u00f3n Cristiana, ofrecemos a todos los chicos la posibilidad de seguir creciendo en la fe a trav\u00e9s de la: POSTCONFIRMACI\u00d3N NEOCATECUMENAL: es una propuesta pastoral extendida por Italia y otros pa\u00edses de Europa y que ahora est\u00e1 entrando con fuerza en Espa\u00f1a. Naci\u00f3 &hellip; <a href=\"https:\/\/santosapostoles.es\/?page_id=331\" class=\"more-link\">Seguir leyendo <span class=\"screen-reader-text\">J\u00d3VENES<\/span> <span class=\"meta-nav\">&rarr;<\/span><\/a><\/p>\n","protected":false},"author":1,"featured_media":0,"parent":0,"menu_order":3,"comment_status":"closed","ping_status":"closed","template":"","meta":{"footnotes":""},"class_list":["post-331","page","type-page","status-publish","hentry"],"_links":{"self":[{"href":"https:\/\/santosapostoles.es\/index.php?rest_route=\/wp\/v2\/pages\/331","targetHints":{"allow":["GET"]}}],"collection":[{"href":"https:\/\/santosapostoles.es\/index.php?rest_route=\/wp\/v2\/pages"}],"about":[{"href":"https:\/\/santosapostoles.es\/index.php?rest_route=\/wp\/v2\/types\/page"}],"author":[{"embeddable":true,"href":"https:\/\/santosapostoles.es\/index.php?rest_route=\/wp\/v2\/users\/1"}],"replies":[{"embeddable":true,"href":"https:\/\/santosapostoles.es\/index.php?rest_route=%2Fwp%2Fv2%2Fcomments&post=331"}],"version-history":[{"count":5,"href":"https:\/\/santosapostoles.es\/index.php?rest_route=\/wp\/v2\/pages\/331\/revisions"}],"predecessor-version":[{"id":1420,"href":"https:\/\/santosapostoles.es\/index.php?rest_route=\/wp\/v2\/pages\/331\/revisions\/1420"}],"wp:attachment":[{"href":"https:\/\/santosapostoles.es\/index.php?rest_route=%2Fwp%2Fv2%2Fmedia&parent=331"}],"curies":[{"name":"wp","href":"https:\/\/api.w.org\/{rel}","templated":true}]}}