{"id":43,"date":"2014-09-20T07:25:31","date_gmt":"2014-09-20T07:25:31","guid":{"rendered":"http:\/\/santosapostoles.wordpress.com\/?page_id=43"},"modified":"2019-08-31T08:58:18","modified_gmt":"2019-08-31T08:58:18","slug":"caritas","status":"publish","type":"page","link":"https:\/\/santosapostoles.es\/?page_id=43","title":{"rendered":"CARITAS"},"content":{"rendered":"<p style=\"text-align: left;\"><img loading=\"lazy\" decoding=\"async\" class=\"size-medium wp-image-592 aligncenter\" src=\"http:\/\/s564157414.mialojamiento.es\/wp-content\/uploads\/2019\/08\/73e1cbc6-300x68.jpg\" alt=\"\" width=\"300\" height=\"68\" srcset=\"https:\/\/santosapostoles.es\/wp-content\/uploads\/2019\/08\/73e1cbc6-300x68.jpg 300w, https:\/\/santosapostoles.es\/wp-content\/uploads\/2019\/08\/73e1cbc6-768x173.jpg 768w, https:\/\/santosapostoles.es\/wp-content\/uploads\/2019\/08\/73e1cbc6.jpg 882w\" sizes=\"auto, (max-width: 300px) 100vw, 300px\" \/><\/p>\n<p style=\"text-align: left;\">C\u00e1ritas parroquial de los Santos Ap\u00f3stoles de Oviedo\u00a0\u00a0es el organismo oficial de la parroquia, instituido para, bajo la presidencia del p\u00e1rroco, en comuni\u00f3n con Caritas arciprestal y diocesana, promover, orientar y coordinar la acci\u00f3n caritativa y social en nuestro \u00e1mbito territorial.<\/p>\n<p>El equipo de Caritas parroquial est\u00e1 formado por doce personas.<\/p>\n<p><strong>ATENCI\u00d3N Y ACOGIDA:<\/strong><\/p>\n<p>En nuestro af\u00e1n de ofrecer un servicio personalizado, basta con llamar por tel\u00e9fono al <strong><span style=\"color: #0000ff;\">985 257 696<\/span><\/strong> donde daremos cita al usuario que solicita nuestros servicios.<\/p>\n<p>En el programa de acogida y atenci\u00f3n primaria tenemos seis personas.<\/p>\n<p style=\"text-align: center;\"><span style=\"color: #ff0000;\"><em>\u00abEl ejercicio de la caridad es la se\u00f1al distintiva de los disc\u00edpulos de Cristo&#8230; Siendo fiel a este mandato del Se\u00f1or, la Iglesia que peregrina en Asturias vive el amor al pr\u00f3jimo, es cauce para la Comunicaci\u00f3n Cristiana de Bienes y colabora a la promoci\u00f3n humana y al desarrollo integral de las personas. De esta manera C\u00e1ritas expresa la preferencia de la Iglesia por los necesitados, a fin de favorecer con ello la fraternidad humana, desde el amor de Cristo\u2026\u00bb<\/em><\/span><\/p>\n<blockquote>\n<p align=\"right\">Art\u00edculo 1. Estatutos de C\u00e1ritas Diocesana de Oviedo<\/p>\n<\/blockquote>\n","protected":false},"excerpt":{"rendered":"<p>C\u00e1ritas parroquial de los Santos Ap\u00f3stoles de Oviedo\u00a0\u00a0es el organismo oficial de la parroquia, instituido para, bajo la presidencia del p\u00e1rroco, en comuni\u00f3n con Caritas arciprestal y diocesana, promover, orientar y coordinar la acci\u00f3n caritativa y social en nuestro \u00e1mbito territorial. El equipo de Caritas parroquial est\u00e1 formado por doce personas. ATENCI\u00d3N Y ACOGIDA: En &hellip; <a href=\"https:\/\/santosapostoles.es\/?page_id=43\" class=\"more-link\">Seguir leyendo <span class=\"screen-reader-text\">CARITAS<\/span> <span class=\"meta-nav\">&rarr;<\/span><\/a><\/p>\n","protected":false},"author":1,"featured_media":0,"parent":0,"menu_order":3,"comment_status":"open","ping_status":"closed","template":"","meta":{"footnotes":""},"class_list":["post-43","page","type-page","status-publish","hentry"],"_links":{"self":[{"href":"https:\/\/santosapostoles.es\/index.php?rest_route=\/wp\/v2\/pages\/43","targetHints":{"allow":["GET"]}}],"collection":[{"href":"https:\/\/santosapostoles.es\/index.php?rest_route=\/wp\/v2\/pages"}],"about":[{"href":"https:\/\/santosapostoles.es\/index.php?rest_route=\/wp\/v2\/types\/page"}],"author":[{"embeddable":true,"href":"https:\/\/santosapostoles.es\/index.php?rest_route=\/wp\/v2\/users\/1"}],"replies":[{"embeddable":true,"href":"https:\/\/santosapostoles.es\/index.php?rest_route=%2Fwp%2Fv2%2Fcomments&post=43"}],"version-history":[{"count":2,"href":"https:\/\/santosapostoles.es\/index.php?rest_route=\/wp\/v2\/pages\/43\/revisions"}],"predecessor-version":[{"id":594,"href":"https:\/\/santosapostoles.es\/index.php?rest_route=\/wp\/v2\/pages\/43\/revisions\/594"}],"wp:attachment":[{"href":"https:\/\/santosapostoles.es\/index.php?rest_route=%2Fwp%2Fv2%2Fmedia&parent=43"}],"curies":[{"name":"wp","href":"https:\/\/api.w.org\/{rel}","templated":true}]}}