{"id":49,"date":"2014-09-23T14:45:11","date_gmt":"2014-09-23T14:45:11","guid":{"rendered":"http:\/\/santosapostoles.wordpress.com\/?page_id=49"},"modified":"2024-08-23T20:25:33","modified_gmt":"2024-08-23T20:25:33","slug":"liturgia","status":"publish","type":"page","link":"https:\/\/santosapostoles.es\/?page_id=49","title":{"rendered":"LITURGIA \/ CULTO"},"content":{"rendered":"<h1 style=\"text-align: center;\"><span style=\"color: #ff00ff;\">ADORACI\u00d3N EUCAR\u00cdSTICA<\/span><\/h1>\n<h2 style=\"text-align: center;\"><span style=\"color: #ff00ff;\">Cada viernes a las 18,30 h. tiene lugar en el templo parroquial una hora de oraci\u00f3n y silencio con la presencia de Cristo sacramentado en la custodia sobre el altar.<\/span><\/h2>\n<h2 style=\"text-align: center;\"><span style=\"color: #ff00ff;\">Las puertas est\u00e1n abiertas para todo aquel que quiera recogerse y descansar del ritmo tan acelerado y ruidoso de la sociedad que nos toca vivir.<\/span><\/h2>\n<h2 style=\"text-align: center;\"><strong>____________________________________________<\/strong><\/h2>\n<h1 style=\"text-align: center;\"><strong><span style=\"color: #ff0000;\">ORACI\u00d3N POR LOS ENFERMOS:<\/span><\/strong><\/h1>\n<h2 style=\"text-align: center;\"><span style=\"color: #ff0000;\">De forma especial, encomendamos a enfermos en la misa de cada lunes. <\/span><\/h2>\n<h2 style=\"text-align: center;\"><span style=\"color: #ff0000;\">Pasa por la sacrist\u00eda para solicitar tu oraci\u00f3n.<\/span><\/h2>\n<h2 style=\"text-align: center;\"><strong>____________________________________________<\/strong><\/h2>\n<h1 style=\"text-align: center;\"><span style=\"color: #000080;\"><strong>El grupo de canto lit\u00fargico se re\u00fane los mi\u00e9rcoles a las 12 h. para preparar la misa dominica<\/strong><\/span><span style=\"color: #000080;\"><strong>l.\u00a0<\/strong><\/span><\/h1>\n<p style=\"text-align: center;\">Si sabes entonar los cantos, podr\u00edas formar parte del grupo. An\u00edmate.<\/p>\n<h2 style=\"text-align: center;\"><strong>____________________________________________<\/strong><\/h2>\n<p style=\"text-align: center;\">\n","protected":false},"excerpt":{"rendered":"<p>ADORACI\u00d3N EUCAR\u00cdSTICA Cada viernes a las 18,30 h. tiene lugar en el templo parroquial una hora de oraci\u00f3n y silencio con la presencia de Cristo sacramentado en la custodia sobre el altar. Las puertas est\u00e1n abiertas para todo aquel que quiera recogerse y descansar del ritmo tan acelerado y ruidoso de la sociedad que nos &hellip; <a href=\"https:\/\/santosapostoles.es\/?page_id=49\" class=\"more-link\">Seguir leyendo <span class=\"screen-reader-text\">LITURGIA \/ CULTO<\/span> <span class=\"meta-nav\">&rarr;<\/span><\/a><\/p>\n","protected":false},"author":1,"featured_media":0,"parent":0,"menu_order":2,"comment_status":"open","ping_status":"closed","template":"","meta":{"footnotes":""},"class_list":["post-49","page","type-page","status-publish","hentry"],"_links":{"self":[{"href":"https:\/\/santosapostoles.es\/index.php?rest_route=\/wp\/v2\/pages\/49","targetHints":{"allow":["GET"]}}],"collection":[{"href":"https:\/\/santosapostoles.es\/index.php?rest_route=\/wp\/v2\/pages"}],"about":[{"href":"https:\/\/santosapostoles.es\/index.php?rest_route=\/wp\/v2\/types\/page"}],"author":[{"embeddable":true,"href":"https:\/\/santosapostoles.es\/index.php?rest_route=\/wp\/v2\/users\/1"}],"replies":[{"embeddable":true,"href":"https:\/\/santosapostoles.es\/index.php?rest_route=%2Fwp%2Fv2%2Fcomments&post=49"}],"version-history":[{"count":4,"href":"https:\/\/santosapostoles.es\/index.php?rest_route=\/wp\/v2\/pages\/49\/revisions"}],"predecessor-version":[{"id":1384,"href":"https:\/\/santosapostoles.es\/index.php?rest_route=\/wp\/v2\/pages\/49\/revisions\/1384"}],"wp:attachment":[{"href":"https:\/\/santosapostoles.es\/index.php?rest_route=%2Fwp%2Fv2%2Fmedia&parent=49"}],"curies":[{"name":"wp","href":"https:\/\/api.w.org\/{rel}","templated":true}]}}