{"id":59,"date":"2014-09-23T14:50:25","date_gmt":"2014-09-23T14:50:25","guid":{"rendered":"http:\/\/santosapostoles.wordpress.com\/?page_id=59"},"modified":"2025-02-12T15:56:31","modified_gmt":"2025-02-12T15:56:31","slug":"camino-neocatecumenal","status":"publish","type":"page","link":"https:\/\/santosapostoles.es\/?page_id=59","title":{"rendered":"Camino Neocatecumenal"},"content":{"rendered":"<p style=\"text-align: justify;\">Es una realidad eclesial presente en la parroquia desde hace varios a\u00f1os. Actualmente son DOS comunidades de personas de diferentes edades, sexo y condici\u00f3n que se encuentran dos veces a la semana (martes o mi\u00e9rcoles y s\u00e1bados) para escuchar la Palabra de Dios y celebrar la Eucarist\u00eda.<\/p>\n<p style=\"text-align: justify;\">La naturaleza del Camino Neocatecumenal es definida por S.S. Juan Pablo II cuando escribe: \u00ab<em>Reconozco el Camino Neocatecumenal como un itinerario de formaci\u00f3n cat\u00f3lica, v\u00e1lida para la sociedad y para los tiempos de hoy<\/em>\u00bb. El Camino Neocatecumenal est\u00e1 al servicio de los Obispos como una modalidad de realizaci\u00f3n diocesana de la iniciaci\u00f3n cristiana y de la educaci\u00f3n permanente de la fe, seg\u00fan las indicaciones del Concilio Vaticano II y del Magisterio de la Iglesia. Est\u00e1 dirigido a:<\/p>\n<p style=\"text-align: justify;\">1\u00b0. los que se han alejado de la Iglesia;<\/p>\n<p style=\"text-align: justify;\">2\u00b0. los que no han sido suficientemente evangelizados y catequizados;<\/p>\n<p style=\"text-align: justify;\">3\u00b0. los que desean profundizar y madurar su fe;<\/p>\n<p style=\"text-align: justify;\">4\u00b0. los que provienen de confesiones cristianas no en plena comuni\u00f3n con la Iglesia cat\u00f3lica.<\/p>\n<p style=\"text-align: justify;\">El Neocatecumenado, en cuanto itinerario de redescubrimiento de la iniciaci\u00f3n cristiana, se realiza normalmente <strong>en la parroquia<\/strong>, \u00ab\u00e1mbito ordinario donde se nace y se crece en la fe\u00bb, lugar privilegiado donde la Iglesia, madre y maestra, engendra en la fuente bautismal a los hijos de Dios y les \u201cgesta\u201d a la vida nueva.<\/p>\n<p style=\"text-align: justify;\">Dentro de la parroquia, el Neocatecumenado es vivido en peque\u00f1a comunidad \u2013 denominada comunidad neocatecumenal \u2013, dado que la forma completa o com\u00fan de la iniciaci\u00f3n cristiana de los adultos es la comunitaria. Modelo de la comunidad neocatecumenal es la Sagrada Familia de Nazaret, lugar hist\u00f3rico donde el Verbo de Dios, hecho Hombre, se hace adulto creciendo \u00aben sabidur\u00eda, edad y gracia\u00bb, estando sometido a Jos\u00e9 y Mar\u00eda. En la comunidad los neocatec\u00famenos se tornan adultos en la fe, creciendo en humildad, simplicidad y alabanza, sometidos a la Iglesia.<\/p>\n<p style=\"text-align: justify;\">El Neocatecumenado es guiado, en comuni\u00f3n con el P\u00e1rroco y bajo su responsabilidad pastoral, por un equipo de catequistas. Dicho equipo, con las catequesis iniciales, pone en marcha un proceso de gestaci\u00f3n en la fe en que se forman las comunidades y vuelve peri\u00f3dicamente, normalmente una vez al a\u00f1o, para conducir los diversos pasos del itinerario neocatecumenal y dar las indicaciones necesarias para el desarrollo de las diversas fases y etapas.<\/p>\n<p style=\"text-align: justify;\">\n","protected":false},"excerpt":{"rendered":"<p>Es una realidad eclesial presente en la parroquia desde hace varios a\u00f1os. Actualmente son DOS comunidades de personas de diferentes edades, sexo y condici\u00f3n que se encuentran dos veces a la semana (martes o mi\u00e9rcoles y s\u00e1bados) para escuchar la Palabra de Dios y celebrar la Eucarist\u00eda. La naturaleza del Camino Neocatecumenal es definida por &hellip; <a href=\"https:\/\/santosapostoles.es\/?page_id=59\" class=\"more-link\">Seguir leyendo <span class=\"screen-reader-text\">Camino Neocatecumenal<\/span> <span class=\"meta-nav\">&rarr;<\/span><\/a><\/p>\n","protected":false},"author":1,"featured_media":0,"parent":0,"menu_order":0,"comment_status":"open","ping_status":"closed","template":"","meta":{"footnotes":""},"class_list":["post-59","page","type-page","status-publish","hentry"],"_links":{"self":[{"href":"https:\/\/santosapostoles.es\/index.php?rest_route=\/wp\/v2\/pages\/59","targetHints":{"allow":["GET"]}}],"collection":[{"href":"https:\/\/santosapostoles.es\/index.php?rest_route=\/wp\/v2\/pages"}],"about":[{"href":"https:\/\/santosapostoles.es\/index.php?rest_route=\/wp\/v2\/types\/page"}],"author":[{"embeddable":true,"href":"https:\/\/santosapostoles.es\/index.php?rest_route=\/wp\/v2\/users\/1"}],"replies":[{"embeddable":true,"href":"https:\/\/santosapostoles.es\/index.php?rest_route=%2Fwp%2Fv2%2Fcomments&post=59"}],"version-history":[{"count":3,"href":"https:\/\/santosapostoles.es\/index.php?rest_route=\/wp\/v2\/pages\/59\/revisions"}],"predecessor-version":[{"id":1460,"href":"https:\/\/santosapostoles.es\/index.php?rest_route=\/wp\/v2\/pages\/59\/revisions\/1460"}],"wp:attachment":[{"href":"https:\/\/santosapostoles.es\/index.php?rest_route=%2Fwp%2Fv2%2Fmedia&parent=59"}],"curies":[{"name":"wp","href":"https:\/\/api.w.org\/{rel}","templated":true}]}}