{"id":911,"date":"2020-08-23T19:06:42","date_gmt":"2020-08-23T19:06:42","guid":{"rendered":"http:\/\/santosapostoles.es\/?page_id=911"},"modified":"2024-09-15T21:18:07","modified_gmt":"2024-09-15T21:18:07","slug":"economato-parroquial","status":"publish","type":"page","link":"https:\/\/santosapostoles.es\/?page_id=911","title":{"rendered":"ECONOMATO"},"content":{"rendered":"\n<figure class=\"wp-block-image size-large\"><img loading=\"lazy\" decoding=\"async\" width=\"1020\" height=\"500\" src=\"https:\/\/santosapostoles.es\/wp-content\/uploads\/2020\/09\/logo-tiendina3.jpg\" alt=\"\" class=\"wp-image-948\" srcset=\"https:\/\/santosapostoles.es\/wp-content\/uploads\/2020\/09\/logo-tiendina3.jpg 1020w, https:\/\/santosapostoles.es\/wp-content\/uploads\/2020\/09\/logo-tiendina3-300x147.jpg 300w, https:\/\/santosapostoles.es\/wp-content\/uploads\/2020\/09\/logo-tiendina3-768x376.jpg 768w\" sizes=\"auto, (max-width: 1020px) 100vw, 1020px\" \/><\/figure>\n\n\n\n<p><strong>INTRODUCCI\u00d3N Y OBJETIVOS:<\/strong><\/p>\n\n\n\n<p>Hemos vivido una nueva situaci\u00f3n, con la llegada de la pandemia por el COVID19, que ha afectado gravemente al \u00e1mbito laboral y econ\u00f3mico. Muchas personas han visto mermados sus ingresos por la falta de trabajo o el cierre de su peque\u00f1o negocio. S\u00fabitamente familias que subsist\u00edan con normalidad han pasado a la situaci\u00f3n del llamado riesgo de exclusi\u00f3n social.<\/p>\n\n\n\n<p>La crisis no ha cesado. La situaci\u00f3n b\u00e9lica a las puertas de Europa con la invasi\u00f3n rusa de Ucrania, vuelve a agudizar la situaci\u00f3n.<\/p>\n\n\n\n<p>Esta comunidad parroquial, sensible a las necesidades del pr\u00f3jimo, busaca siempre <strong>formas nuevas e inteligentes de ayudar<\/strong> a los hermanos m\u00e1s necesitados buscando suplir donde no llegan los servicios p\u00fablicos.<\/p>\n\n\n\n<p>Por esta raz\u00f3n nos propusimos abrir un economato, <strong>siempre de forma temporal<\/strong>, mientras subsistiera esta situaci\u00f3n de crisis social y como un servicio complementario a las ayudas econ\u00f3micas que brinda la Caritas parroquial. <\/p>\n\n\n\n<p>Y no vimos ocasi\u00f3n de cerrar el Economato. Seguimos en ello al igual que contin\u00faa la situaci\u00f3n de precariedad e inflaci\u00f3n en Espa\u00f1a.<\/p>\n\n\n\n<p>El criterio general de Caritas es el de la promoci\u00f3n de las personas y no el de mera asistencia y ayudas paternalistas. Por ello, no damos bolsas cerradas de alimentos que consolidan la dependencia y pierde el valor educativo y promocional que se consigue cuando las personas hacen su propia compra aprendiendo a valorar sus necesidades reales y distribuir sus recursos.<\/p>\n\n\n<div class=\"wp-block-image\">\n<figure class=\"aligncenter size-large\" id=\"ECONOMATO-INFORMACI\u00d3N\"><a href=\"https:\/\/santosapostoles.es\/wp-content\/uploads\/2021\/06\/cartel-economato.jpg\" target=\"_blank\" rel=\"noopener\"><img loading=\"lazy\" decoding=\"async\" width=\"674\" height=\"1024\" src=\"https:\/\/santosapostoles.es\/wp-content\/uploads\/2021\/06\/cartel-economato-674x1024.jpg\" alt=\"ECONOMATO PARROQUIAL: UN PROYECTO INNOVADOR\" class=\"wp-image-1011\" srcset=\"https:\/\/santosapostoles.es\/wp-content\/uploads\/2021\/06\/cartel-economato-674x1024.jpg 674w, https:\/\/santosapostoles.es\/wp-content\/uploads\/2021\/06\/cartel-economato-198x300.jpg 198w, https:\/\/santosapostoles.es\/wp-content\/uploads\/2021\/06\/cartel-economato.jpg 746w\" sizes=\"auto, (max-width: 674px) 100vw, 674px\" \/><\/a><\/figure>\n<\/div>\n\n\n<p><\/p>\n\n\n\n<p><strong>NUESTRO LEMA<\/strong><\/p>\n\n\n\n<p><img loading=\"lazy\" decoding=\"async\" width=\"590\" height=\"289\" class=\"wp-image-960\" style=\"width: 590px;\" src=\"https:\/\/santosapostoles.es\/wp-content\/uploads\/2020\/10\/publi-economato-copia.jpg\" alt=\"\" srcset=\"https:\/\/santosapostoles.es\/wp-content\/uploads\/2020\/10\/publi-economato-copia.jpg 1020w, https:\/\/santosapostoles.es\/wp-content\/uploads\/2020\/10\/publi-economato-copia-300x147.jpg 300w, https:\/\/santosapostoles.es\/wp-content\/uploads\/2020\/10\/publi-economato-copia-768x376.jpg 768w\" sizes=\"auto, (max-width: 590px) 100vw, 590px\" \/><\/p>\n","protected":false},"excerpt":{"rendered":"<p>INTRODUCCI\u00d3N Y OBJETIVOS: Hemos vivido una nueva situaci\u00f3n, con la llegada de la pandemia por el COVID19, que ha afectado gravemente al \u00e1mbito laboral y econ\u00f3mico. Muchas personas han visto mermados sus ingresos por la falta de trabajo o el cierre de su peque\u00f1o negocio. S\u00fabitamente familias que subsist\u00edan con normalidad han pasado a la &hellip; <a href=\"https:\/\/santosapostoles.es\/?page_id=911\" class=\"more-link\">Seguir leyendo <span class=\"screen-reader-text\">ECONOMATO<\/span> <span class=\"meta-nav\">&rarr;<\/span><\/a><\/p>\n","protected":false},"author":1,"featured_media":0,"parent":0,"menu_order":0,"comment_status":"closed","ping_status":"closed","template":"","meta":{"footnotes":""},"class_list":["post-911","page","type-page","status-publish","hentry"],"_links":{"self":[{"href":"https:\/\/santosapostoles.es\/index.php?rest_route=\/wp\/v2\/pages\/911","targetHints":{"allow":["GET"]}}],"collection":[{"href":"https:\/\/santosapostoles.es\/index.php?rest_route=\/wp\/v2\/pages"}],"about":[{"href":"https:\/\/santosapostoles.es\/index.php?rest_route=\/wp\/v2\/types\/page"}],"author":[{"embeddable":true,"href":"https:\/\/santosapostoles.es\/index.php?rest_route=\/wp\/v2\/users\/1"}],"replies":[{"embeddable":true,"href":"https:\/\/santosapostoles.es\/index.php?rest_route=%2Fwp%2Fv2%2Fcomments&post=911"}],"version-history":[{"count":10,"href":"https:\/\/santosapostoles.es\/index.php?rest_route=\/wp\/v2\/pages\/911\/revisions"}],"predecessor-version":[{"id":1408,"href":"https:\/\/santosapostoles.es\/index.php?rest_route=\/wp\/v2\/pages\/911\/revisions\/1408"}],"wp:attachment":[{"href":"https:\/\/santosapostoles.es\/index.php?rest_route=%2Fwp%2Fv2%2Fmedia&parent=911"}],"curies":[{"name":"wp","href":"https:\/\/api.w.org\/{rel}","templated":true}]}}